{"id":2927,"date":"2021-04-23T13:50:12","date_gmt":"2021-04-23T13:50:12","guid":{"rendered":"https:\/\/ahporticcioli.com\/?page_id=2927"},"modified":"2026-05-07T09:35:31","modified_gmt":"2026-05-07T09:35:31","slug":"la-struttura","status":"publish","type":"page","link":"https:\/\/ahvirgilio.com\/it\/la-struttura\/","title":{"rendered":"La struttura"},"content":{"rendered":"\t\t<div data-elementor-type=\"wp-page\" data-elementor-id=\"2927\" class=\"elementor elementor-2927\" data-elementor-post-type=\"page\">\n\t\t\t\t\t\t\t\t\t<div class=\"elementor-section elementor-top-section elementor-element elementor-element-efe3b06 elementor-section-stretched elementor-section-height-min-height elementor-section-boxed elementor-section-height-default elementor-section-items-middle qodef-elementor-content-no\" data-id=\"efe3b06\" data-element_type=\"section\" data-settings=\"{&quot;stretch_section&quot;:&quot;section-stretched&quot;,&quot;background_background&quot;:&quot;classic&quot;}\">\n\t\t\t\t\t\t\t<div class=\"elementor-background-overlay\"><\/div>\n\t\t\t\t\t\t\t<div class=\"elementor-container elementor-column-gap-no\">\n\t\t\t\t\t<div class=\"elementor-column elementor-col-100 elementor-top-column elementor-element elementor-element-9ba8339\" data-id=\"9ba8339\" data-element_type=\"column\">\n\t\t\t<div class=\"elementor-widget-wrap\">\n\t\t\t\t\t\t\t\t\t<\/div>\n\t\t<\/div>\n\t\t\t\t\t\t\t<\/div>\n\t\t<\/div>\n\t\t\t\t<div class=\"elementor-section elementor-top-section elementor-element elementor-element-c4e38dd elementor-section-stretched elementor-section-boxed elementor-section-height-default elementor-section-height-default qodef-elementor-content-no\" data-id=\"c4e38dd\" data-element_type=\"section\" data-settings=\"{&quot;stretch_section&quot;:&quot;section-stretched&quot;,&quot;background_background&quot;:&quot;classic&quot;}\">\n\t\t\t\t\t\t<div class=\"elementor-container elementor-column-gap-no\">\n\t\t\t\t\t<div class=\"elementor-column elementor-col-100 elementor-top-column elementor-element elementor-element-748085f\" data-id=\"748085f\" data-element_type=\"column\">\n\t\t\t<div class=\"elementor-widget-wrap elementor-element-populated\">\n\t\t\t\t\t\t\t\t<div class=\"elementor-element elementor-element-05590d6 elementor-widget elementor-widget-image\" data-id=\"05590d6\" data-element_type=\"widget\" data-widget_type=\"image.default\">\n\t\t\t\t<div class=\"elementor-widget-container\">\n\t\t\t<style>\/*! elementor - v3.15.0 - 20-08-2023 *\/\n.elementor-widget-image{text-align:center}.elementor-widget-image a{display:inline-block}.elementor-widget-image a img[src$=\".svg\"]{width:48px}.elementor-widget-image img{vertical-align:middle;display:inline-block}<\/style>\t\t\t\t\t\t\t\t\t\t\t\t<img loading=\"lazy\" decoding=\"async\" width=\"59\" height=\"26\" src=\"https:\/\/ahvirgilio.com\/wp-content\/uploads\/2022\/12\/logo-ah-villa-glori-brescia-sm.png\" class=\"attachment-large size-large wp-image-13248\" alt=\"\" \/>\t\t\t\t\t\t\t\t\t\t\t\t\t\t\t<\/div>\n\t\t\t\t<\/div>\n\t\t\t\t<div class=\"elementor-element elementor-element-456b473 elementor-widget elementor-widget-spacer\" data-id=\"456b473\" data-element_type=\"widget\" data-widget_type=\"spacer.default\">\n\t\t\t\t<div class=\"elementor-widget-container\">\n\t\t\t<style>\/*! elementor - v3.15.0 - 20-08-2023 *\/\n.elementor-column .elementor-spacer-inner{height:var(--spacer-size)}.e-con{--container-widget-width:100%}.e-con-inner>.elementor-widget-spacer,.e-con>.elementor-widget-spacer{width:var(--container-widget-width,var(--spacer-size));--align-self:var(--container-widget-align-self,initial);--flex-shrink:0}.e-con-inner>.elementor-widget-spacer>.elementor-widget-container,.e-con-inner>.elementor-widget-spacer>.elementor-widget-container>.elementor-spacer,.e-con>.elementor-widget-spacer>.elementor-widget-container,.e-con>.elementor-widget-spacer>.elementor-widget-container>.elementor-spacer{height:100%}.e-con-inner>.elementor-widget-spacer>.elementor-widget-container>.elementor-spacer>.elementor-spacer-inner,.e-con>.elementor-widget-spacer>.elementor-widget-container>.elementor-spacer>.elementor-spacer-inner{height:var(--container-widget-height,var(--spacer-size))}<\/style>\t\t<div class=\"elementor-spacer\">\n\t\t\t<div class=\"elementor-spacer-inner\"><\/div>\n\t\t<\/div>\n\t\t\t\t<\/div>\n\t\t\t\t<\/div>\n\t\t\t\t<div class=\"elementor-element elementor-element-2bfaecb elementor-widget elementor-widget-heading\" data-id=\"2bfaecb\" data-element_type=\"widget\" data-widget_type=\"heading.default\">\n\t\t\t\t<div class=\"elementor-widget-container\">\n\t\t\t<style>\/*! elementor - v3.15.0 - 20-08-2023 *\/\n.elementor-heading-title{padding:0;margin:0;line-height:1}.elementor-widget-heading .elementor-heading-title[class*=elementor-size-]>a{color:inherit;font-size:inherit;line-height:inherit}.elementor-widget-heading .elementor-heading-title.elementor-size-small{font-size:15px}.elementor-widget-heading .elementor-heading-title.elementor-size-medium{font-size:19px}.elementor-widget-heading .elementor-heading-title.elementor-size-large{font-size:29px}.elementor-widget-heading .elementor-heading-title.elementor-size-xl{font-size:39px}.elementor-widget-heading .elementor-heading-title.elementor-size-xxl{font-size:59px}<\/style><h2 class=\"elementor-heading-title elementor-size-default\">Mantova \u00e8 casa tua <\/h2>\t\t<\/div>\n\t\t\t\t<\/div>\n\t\t\t\t<div class=\"elementor-element elementor-element-788b4d2 elementor-widget elementor-widget-text-editor\" data-id=\"788b4d2\" data-element_type=\"widget\" data-widget_type=\"text-editor.default\">\n\t\t\t\t<div class=\"elementor-widget-container\">\n\t\t\t<style>\/*! elementor - v3.15.0 - 20-08-2023 *\/\n.elementor-widget-text-editor.elementor-drop-cap-view-stacked .elementor-drop-cap{background-color:#69727d;color:#fff}.elementor-widget-text-editor.elementor-drop-cap-view-framed .elementor-drop-cap{color:#69727d;border:3px solid;background-color:transparent}.elementor-widget-text-editor:not(.elementor-drop-cap-view-default) .elementor-drop-cap{margin-top:8px}.elementor-widget-text-editor:not(.elementor-drop-cap-view-default) .elementor-drop-cap-letter{width:1em;height:1em}.elementor-widget-text-editor .elementor-drop-cap{float:left;text-align:center;line-height:1;font-size:50px}.elementor-widget-text-editor .elementor-drop-cap-letter{display:inline-block}<\/style>\t\t\t\t<p>Intimo, lussuoso, confortevole e a due passi da musei, monumenti, negozi e dalla vita animata del centro, ma al riparo dal traffico e da schiamazzi notturni. Il luogo perfetto per soggiornare in citt\u00e0, che sia per una notte, una settimana, un mese o pi\u00f9. AH VIRGILIO \u00e8 la tua casa a Mantova, pi\u00f9 di un bed &amp; breakfast e meglio di un hotel, alla giusta distanza da tutto. Cosa aspetti? Manchi solo tu.<\/p>\t\t\t\t\t\t<\/div>\n\t\t\t\t<\/div>\n\t\t\t\t\t<\/div>\n\t\t<\/div>\n\t\t\t\t\t\t\t<\/div>\n\t\t<\/div>\n\t\t\t\t<section class=\"elementor-section elementor-top-section elementor-element elementor-element-90b9af2 elementor-section-full_width elementor-section-stretched elementor-section-height-default elementor-section-height-default qodef-elementor-content-no\" data-id=\"90b9af2\" data-element_type=\"section\" data-settings=\"{&quot;stretch_section&quot;:&quot;section-stretched&quot;,&quot;background_background&quot;:&quot;classic&quot;}\">\n\t\t\t\t\t\t<div class=\"elementor-container elementor-column-gap-default\">\n\t\t\t\t\t<div class=\"elementor-column elementor-col-100 elementor-top-column elementor-element elementor-element-8f8fd99\" data-id=\"8f8fd99\" data-element_type=\"column\">\n\t\t\t<div class=\"elementor-widget-wrap elementor-element-populated\">\n\t\t\t\t\t\t\t\t<div class=\"elementor-element elementor-element-cac665a elementor-widget elementor-widget-alloggio_core_image_gallery\" data-id=\"cac665a\" data-element_type=\"widget\" data-widget_type=\"alloggio_core_image_gallery.default\">\n\t\t\t\t<div class=\"elementor-widget-container\">\n\t\t\t<div class=\"qodef-shortcode qodef-m  qodef-image-gallery      qodef-grid qodef-swiper-container  qodef-gutter--no qodef-col-num--2  qodef-responsive--predefined\" data-options=\"{&quot;slidesPerView&quot;:&quot;2&quot;,&quot;spaceBetween&quot;:0,&quot;loop&quot;:true,&quot;autoplay&quot;:true,&quot;speed&quot;:&quot;&quot;,&quot;speedAnimation&quot;:&quot;&quot;,&quot;slideAnimation&quot;:&quot;&quot;}\">\n\t<div class=\"swiper-wrapper\">\n\t\t<div class=\"qodef-e qodef-image-wrapper swiper-slide\">\n\t\t\t<img loading=\"lazy\" decoding=\"async\" width=\"827\" height=\"635\" src=\"https:\/\/ahvirgilio.com\/wp-content\/uploads\/2026\/05\/R3-1.jpg\" class=\"attachment-large size-large\" alt=\"\" data-swiper-parallax=\"27%\" srcset=\"https:\/\/ahvirgilio.com\/wp-content\/uploads\/2026\/05\/R3-1.jpg 827w, https:\/\/ahvirgilio.com\/wp-content\/uploads\/2026\/05\/R3-1-300x230.jpg 300w, https:\/\/ahvirgilio.com\/wp-content\/uploads\/2026\/05\/R3-1-768x590.jpg 768w\" sizes=\"(max-width: 827px) 100vw, 827px\" \/>\t<\/div><div class=\"qodef-e qodef-image-wrapper swiper-slide\">\n\t\t\t<img loading=\"lazy\" decoding=\"async\" width=\"827\" height=\"635\" src=\"https:\/\/ahvirgilio.com\/wp-content\/uploads\/2026\/05\/r2-1.jpg\" class=\"attachment-large size-large\" alt=\"\" data-swiper-parallax=\"27%\" srcset=\"https:\/\/ahvirgilio.com\/wp-content\/uploads\/2026\/05\/r2-1.jpg 827w, https:\/\/ahvirgilio.com\/wp-content\/uploads\/2026\/05\/r2-1-300x230.jpg 300w, https:\/\/ahvirgilio.com\/wp-content\/uploads\/2026\/05\/r2-1-768x590.jpg 768w\" sizes=\"(max-width: 827px) 100vw, 827px\" \/>\t<\/div><div class=\"qodef-e qodef-image-wrapper swiper-slide\">\n\t\t\t<img loading=\"lazy\" decoding=\"async\" width=\"827\" height=\"635\" src=\"https:\/\/ahvirgilio.com\/wp-content\/uploads\/2026\/05\/r4-1.jpg\" class=\"attachment-large size-large\" alt=\"\" data-swiper-parallax=\"27%\" srcset=\"https:\/\/ahvirgilio.com\/wp-content\/uploads\/2026\/05\/r4-1.jpg 827w, https:\/\/ahvirgilio.com\/wp-content\/uploads\/2026\/05\/r4-1-300x230.jpg 300w, https:\/\/ahvirgilio.com\/wp-content\/uploads\/2026\/05\/r4-1-768x590.jpg 768w\" sizes=\"(max-width: 827px) 100vw, 827px\" \/>\t<\/div><div class=\"qodef-e qodef-image-wrapper swiper-slide\">\n\t\t\t<img loading=\"lazy\" decoding=\"async\" width=\"827\" height=\"635\" src=\"https:\/\/ahvirgilio.com\/wp-content\/uploads\/2026\/05\/r6-1.jpg\" class=\"attachment-large size-large\" alt=\"\" data-swiper-parallax=\"27%\" srcset=\"https:\/\/ahvirgilio.com\/wp-content\/uploads\/2026\/05\/r6-1.jpg 827w, https:\/\/ahvirgilio.com\/wp-content\/uploads\/2026\/05\/r6-1-300x230.jpg 300w, https:\/\/ahvirgilio.com\/wp-content\/uploads\/2026\/05\/r6-1-768x590.jpg 768w\" sizes=\"(max-width: 827px) 100vw, 827px\" \/>\t<\/div><div class=\"qodef-e qodef-image-wrapper swiper-slide\">\n\t\t\t<img loading=\"lazy\" decoding=\"async\" width=\"827\" height=\"635\" src=\"https:\/\/ahvirgilio.com\/wp-content\/uploads\/2026\/05\/05-1.jpg\" class=\"attachment-large size-large\" alt=\"\" data-swiper-parallax=\"27%\" srcset=\"https:\/\/ahvirgilio.com\/wp-content\/uploads\/2026\/05\/05-1.jpg 827w, https:\/\/ahvirgilio.com\/wp-content\/uploads\/2026\/05\/05-1-300x230.jpg 300w, https:\/\/ahvirgilio.com\/wp-content\/uploads\/2026\/05\/05-1-768x590.jpg 768w\" sizes=\"(max-width: 827px) 100vw, 827px\" \/>\t<\/div><div class=\"qodef-e qodef-image-wrapper swiper-slide\">\n\t\t\t<img loading=\"lazy\" decoding=\"async\" width=\"827\" height=\"635\" src=\"https:\/\/ahvirgilio.com\/wp-content\/uploads\/2026\/05\/R7-1.jpg\" class=\"attachment-large size-large\" alt=\"\" data-swiper-parallax=\"27%\" srcset=\"https:\/\/ahvirgilio.com\/wp-content\/uploads\/2026\/05\/R7-1.jpg 827w, https:\/\/ahvirgilio.com\/wp-content\/uploads\/2026\/05\/R7-1-300x230.jpg 300w, https:\/\/ahvirgilio.com\/wp-content\/uploads\/2026\/05\/R7-1-768x590.jpg 768w\" sizes=\"(max-width: 827px) 100vw, 827px\" \/>\t<\/div>\t<\/div>\n\t<div class=\"swiper-button-next \"><svg xmlns=\"http:\/\/www.w3.org\/2000\/svg\" xmlns:xlink=\"http:\/\/www.w3.org\/1999\/xlink\" x=\"0px\" y=\"0px\" viewBox=\"0 0 26 50.9\" xml:space=\"preserve\"><polyline points=\"0.4,50.6 25.3,25.5 0.4,0.4 \"\/><\/svg><\/div>\n<div class=\"swiper-button-prev \"><svg xmlns=\"http:\/\/www.w3.org\/2000\/svg\" xmlns:xlink=\"http:\/\/www.w3.org\/1999\/xlink\" x=\"0px\" y=\"0px\" viewBox=\"0 0 26 50.9\" xml:space=\"preserve\"><polyline points=\"25.6,0.4 0.7,25.5 25.6,50.6 \"\/><\/svg><\/div>\t<\/div>\t\t<\/div>\n\t\t\t\t<\/div>\n\t\t\t\t\t<\/div>\n\t\t<\/div>\n\t\t\t\t\t\t\t<\/div>\n\t\t<\/section>\n\t\t\t\t<section class=\"elementor-section elementor-top-section elementor-element elementor-element-f02ae7b elementor-section-stretched elementor-section-boxed elementor-section-height-default elementor-section-height-default qodef-elementor-content-no\" data-id=\"f02ae7b\" data-element_type=\"section\" data-settings=\"{&quot;stretch_section&quot;:&quot;section-stretched&quot;}\">\n\t\t\t\t\t\t<div class=\"elementor-container elementor-column-gap-default\">\n\t\t\t\t\t<div class=\"elementor-column elementor-col-100 elementor-top-column elementor-element elementor-element-8b089f3\" data-id=\"8b089f3\" data-element_type=\"column\">\n\t\t\t<div class=\"elementor-widget-wrap elementor-element-populated\">\n\t\t\t\t\t\t\t\t<div class=\"elementor-element elementor-element-94eb0ce elementor-widget elementor-widget-qi_addons_for_elementor_dual_image_with_content\" data-id=\"94eb0ce\" data-element_type=\"widget\" data-widget_type=\"qi_addons_for_elementor_dual_image_with_content.default\">\n\t\t\t\t<div class=\"elementor-widget-container\">\n\t\t\t<div class=\"qodef-shortcode qodef-m  qodef-qi-dual-image-with-content qodef--content-right qodef-decoration--italic qodef-link--underline-draw \">\n\t<div class=\"qodef-dual-content\">\n\t\t<div class=\"qodef-m-inner-content\">\n\t\t\t\t<p class=\"qodef-m-title\">\n\t\tI Nostri Clienti\t<\/p>\n\t\t\t\t<p class=\"qodef-m-text\"><h3>Vacanza? Lavoro? Studio? La tua casa a Mantova ti aspetta<\/h3>\n<p>Perch\u00e9 scegliere AH VIRGILIO? Perch\u00e9 qui ti sentirai sempre a casa, che tu decida di\nfermarti solo per un fine settimana per visitare la citt\u00e0 o per un periodo pi\u00f9 lungo per motivi\nprofessionali o di studio.<\/p><p>Tra i nostri clienti ci sono manager, donne e uomini d\u2019affari, ingegneri, studenti universitari, atlete e atleti professionisti e naturalmente turisti provenienti da tutto il mondo, ognuno con la sua storia.<\/p><p><strong>\nE tu? Hai gi\u00e0 deciso quando arriverai a Mantova? Guarda le nostre soluzioni e scegli il tuo appartamento.<\/strong><\/p> <\/p>\n\t\t<\/div>\n\t\t<div class=\"qodef-m-inner-bottom\">\n\t\t\t\t\t<\/div>\n\t<\/div>\n\t<div class=\"qodef-image-holder\">\n\t\t<div class=\"qodef-m-main-image\">\n\t<img loading=\"lazy\" decoding=\"async\" width=\"584\" height=\"742\" src=\"https:\/\/ahvirgilio.com\/wp-content\/uploads\/2024\/11\/MANTOVA.jpg\" class=\"attachment-full size-full\" alt=\"\" srcset=\"https:\/\/ahvirgilio.com\/wp-content\/uploads\/2024\/11\/MANTOVA.jpg 584w, https:\/\/ahvirgilio.com\/wp-content\/uploads\/2024\/11\/MANTOVA-236x300.jpg 236w\" sizes=\"(max-width: 584px) 100vw, 584px\" \/><\/div>\n\t\t<div class=\"qodef-m-second-image\">\n\t<\/div>\n\t<\/div>\n<\/div>\n\t\t<\/div>\n\t\t\t\t<\/div>\n\t\t\t\t<div class=\"elementor-element elementor-element-197338f e-transform e-transform e-transform elementor-widget elementor-widget-alloggio_core_banner\" data-id=\"197338f\" data-element_type=\"widget\" data-settings=\"{&quot;_transform_translateX_effect&quot;:{&quot;unit&quot;:&quot;px&quot;,&quot;size&quot;:&quot;&quot;,&quot;sizes&quot;:[]},&quot;_transform_translateX_effect_tablet&quot;:{&quot;unit&quot;:&quot;px&quot;,&quot;size&quot;:&quot;&quot;,&quot;sizes&quot;:[]},&quot;_transform_translateX_effect_mobile&quot;:{&quot;unit&quot;:&quot;px&quot;,&quot;size&quot;:&quot;&quot;,&quot;sizes&quot;:[]},&quot;_transform_translateY_effect&quot;:{&quot;unit&quot;:&quot;px&quot;,&quot;size&quot;:&quot;&quot;,&quot;sizes&quot;:[]},&quot;_transform_translateY_effect_tablet&quot;:{&quot;unit&quot;:&quot;px&quot;,&quot;size&quot;:&quot;&quot;,&quot;sizes&quot;:[]},&quot;_transform_translateY_effect_mobile&quot;:{&quot;unit&quot;:&quot;px&quot;,&quot;size&quot;:&quot;&quot;,&quot;sizes&quot;:[]},&quot;_transform_scale_effect&quot;:{&quot;unit&quot;:&quot;px&quot;,&quot;size&quot;:&quot;&quot;,&quot;sizes&quot;:[]},&quot;_transform_scale_effect_tablet&quot;:{&quot;unit&quot;:&quot;px&quot;,&quot;size&quot;:&quot;&quot;,&quot;sizes&quot;:[]},&quot;_transform_scale_effect_mobile&quot;:{&quot;unit&quot;:&quot;px&quot;,&quot;size&quot;:&quot;&quot;,&quot;sizes&quot;:[]},&quot;_transform_skewX_effect&quot;:{&quot;unit&quot;:&quot;px&quot;,&quot;size&quot;:&quot;&quot;,&quot;sizes&quot;:[]},&quot;_transform_skewX_effect_tablet&quot;:{&quot;unit&quot;:&quot;deg&quot;,&quot;size&quot;:&quot;&quot;,&quot;sizes&quot;:[]},&quot;_transform_skewX_effect_mobile&quot;:{&quot;unit&quot;:&quot;deg&quot;,&quot;size&quot;:&quot;&quot;,&quot;sizes&quot;:[]},&quot;_transform_skewY_effect&quot;:{&quot;unit&quot;:&quot;px&quot;,&quot;size&quot;:&quot;&quot;,&quot;sizes&quot;:[]},&quot;_transform_skewY_effect_tablet&quot;:{&quot;unit&quot;:&quot;deg&quot;,&quot;size&quot;:&quot;&quot;,&quot;sizes&quot;:[]},&quot;_transform_skewY_effect_mobile&quot;:{&quot;unit&quot;:&quot;deg&quot;,&quot;size&quot;:&quot;&quot;,&quot;sizes&quot;:[]}}\" data-widget_type=\"alloggio_core_banner.default\">\n\t\t\t\t<div class=\"elementor-widget-container\">\n\t\t\t<div class=\"qodef-shortcode qodef-m  qodef-banner qodef-layout--link-overlay qodef--has-text \">\n\t<div class=\"qodef-m-image\">\n\t<img loading=\"lazy\" decoding=\"async\" width=\"1316\" height=\"670\" src=\"https:\/\/ahvirgilio.com\/wp-content\/uploads\/2024\/10\/mantova-1.jpg\" class=\"attachment-full size-full\" alt=\"\" srcset=\"https:\/\/ahvirgilio.com\/wp-content\/uploads\/2024\/10\/mantova-1.jpg 1316w, https:\/\/ahvirgilio.com\/wp-content\/uploads\/2024\/10\/mantova-1-300x153.jpg 300w, https:\/\/ahvirgilio.com\/wp-content\/uploads\/2024\/10\/mantova-1-1024x521.jpg 1024w, https:\/\/ahvirgilio.com\/wp-content\/uploads\/2024\/10\/mantova-1-768x391.jpg 768w\" sizes=\"(max-width: 1316px) 100vw, 1316px\" \/>\t<a itemprop=\"url\" href=\"\" class=\"qodef-m-banner-link\" target=\"_self\"><\/a>\n<\/div>\t<div class=\"qodef-m-content\">\n\t\t<div class=\"qodef-m-content-inner\" style=\"padding: 36px;text-align: justify\">\n\t\t\t<div class=\"qodef-m-content-inner-background\" style=\"background-color: #FFFFFF\"><\/div>\n\t\t\t<div class=\"qodef-m-content-inner-holder\">\n\t\t\t\t\t<h3 class=\"qodef-m-title\" >Perch\u00e8 un Apartment Resort?<\/h3>\n\t\t\t\t\t<p class=\"qodef-m-text\" style=\"color: #919191\">Perch\u00e9 hai tutta la privacy del tuo appartamento privato con i vantaggi e i servizi di un hotel, \n\nperch\u00e9 non devi scegliere tra la libert\u00e0 di vivere secondo i tuoi orari e la comodit\u00e0 di alloggiare in una camera d\u2019albergo,\n\nperch\u00e9 \u00e8 accogliente, caldo, intimo, spazioso, fatto su misura per te,\n\nperch\u00e9 il tuo soggiorno lo decidi tu, ma per qualsiasi esigenza siamo a tua disposizione e\n\nperch\u00e9 questo non \u00e8 il solito b&amp;b. Questa \u00e8 casa tua.\n<\/p>\n\t\t\t\t\t\t\t\t<a itemprop=\"url\" href=\"\" class=\"qodef-m-banner-link\" target=\"_self\"><\/a>\n\t\t\t<\/div>\n\t\t\t<a itemprop=\"url\" href=\"\" class=\"qodef-m-banner-link\" target=\"_self\"><\/a>\n\t\t<\/div>\n\t<\/div>\n<\/div>\n\t\t<\/div>\n\t\t\t\t<\/div>\n\t\t\t\t\t<\/div>\n\t\t<\/div>\n\t\t\t\t\t\t\t<\/div>\n\t\t<\/section>\n\t\t\t\t<section class=\"elementor-section elementor-top-section elementor-element elementor-element-4180f43 elementor-section-full_width elementor-section-stretched elementor-section-height-default elementor-section-height-default qodef-elementor-content-no\" data-id=\"4180f43\" data-element_type=\"section\" data-settings=\"{&quot;stretch_section&quot;:&quot;section-stretched&quot;,&quot;background_background&quot;:&quot;classic&quot;}\">\n\t\t\t\t\t\t<div class=\"elementor-container elementor-column-gap-default\">\n\t\t\t\t\t<div class=\"elementor-column elementor-col-100 elementor-top-column elementor-element elementor-element-d86cbeb\" data-id=\"d86cbeb\" data-element_type=\"column\">\n\t\t\t<div class=\"elementor-widget-wrap elementor-element-populated\">\n\t\t\t\t\t\t\t\t<div class=\"elementor-element elementor-element-29751e8 elementor-widget elementor-widget-image\" data-id=\"29751e8\" data-element_type=\"widget\" data-widget_type=\"image.default\">\n\t\t\t\t<div class=\"elementor-widget-container\">\n\t\t\t\t\t\t\t\t\t\t\t\t\t\t\t<img loading=\"lazy\" decoding=\"async\" width=\"59\" height=\"26\" src=\"https:\/\/ahvirgilio.com\/wp-content\/uploads\/2022\/12\/logo-ah-villa-glori-brescia-sm.png\" class=\"attachment-large size-large wp-image-13248\" alt=\"\" \/>\t\t\t\t\t\t\t\t\t\t\t\t\t\t\t<\/div>\n\t\t\t\t<\/div>\n\t\t\t\t<div class=\"elementor-element elementor-element-a2daf1f elementor-widget elementor-widget-heading\" data-id=\"a2daf1f\" data-element_type=\"widget\" data-widget_type=\"heading.default\">\n\t\t\t\t<div class=\"elementor-widget-container\">\n\t\t\t<h2 class=\"elementor-heading-title elementor-size-default\">Iscriviti alla Newsletter di Ah Virgilio<\/h2>\t\t<\/div>\n\t\t\t\t<\/div>\n\t\t\t\t<div class=\"elementor-element elementor-element-bac6e33 elementor-widget elementor-widget-text-editor\" data-id=\"bac6e33\" data-element_type=\"widget\" data-widget_type=\"text-editor.default\">\n\t\t\t\t<div class=\"elementor-widget-container\">\n\t\t\t\t\t\t\t<p style=\"text-align:center\">Resta aggiornato sulle nostre offerte esclusive<\/p>\t\t\t\t\t\t<\/div>\n\t\t\t\t<\/div>\n\t\t\t\t<div class=\"elementor-element elementor-element-187e072 elementor-mobile-align-center elementor-align-center elementor-widget elementor-widget-button\" data-id=\"187e072\" data-element_type=\"widget\" data-widget_type=\"button.default\">\n\t\t\t\t<div class=\"elementor-widget-container\">\n\t\t\t\t\t<div class=\"elementor-button-wrapper\">\n\t\t\t<a class=\"elementor-button elementor-button-link elementor-size-sm\" href=\"#elementor-action%3Aaction%3Dpopup%3Aopen%26settings%3DeyJpZCI6IjczNjIiLCJ0b2dnbGUiOmZhbHNlfQ%3D%3D\">\n\t\t\t\t\t\t<span class=\"elementor-button-content-wrapper\">\n\t\t\t\t\t\t<span class=\"elementor-button-text\">ISCRIVITI <\/span>\n\t\t<\/span>\n\t\t\t\t\t<\/a>\n\t\t<\/div>\n\t\t\t\t<\/div>\n\t\t\t\t<\/div>\n\t\t\t\t\t<\/div>\n\t\t<\/div>\n\t\t\t\t\t\t\t<\/div>\n\t\t<\/section>\n\t\t\t\t\t\t\t<\/div>\n\t\t","protected":false},"excerpt":{"rendered":"<p>Mantova \u00e8 casa tua Intimo, lussuoso, confortevole e a due passi da musei, monumenti, negozi e dalla vita animata del centro, ma al riparo dal traffico e da schiamazzi notturni. Il luogo perfetto per soggiornare in citt\u00e0, che sia per una notte, una settimana, un mese o pi\u00f9. AH VIRGILIO \u00e8 la tua casa a [&hellip;]<\/p>\n","protected":false},"author":1,"featured_media":0,"parent":0,"menu_order":0,"comment_status":"closed","ping_status":"closed","template":"","meta":{"inline_featured_image":false,"footnotes":""},"class_list":["post-2927","page","type-page","status-publish","hentry"],"_links":{"self":[{"href":"https:\/\/ahvirgilio.com\/it\/wp-json\/wp\/v2\/pages\/2927"}],"collection":[{"href":"https:\/\/ahvirgilio.com\/it\/wp-json\/wp\/v2\/pages"}],"about":[{"href":"https:\/\/ahvirgilio.com\/it\/wp-json\/wp\/v2\/types\/page"}],"author":[{"embeddable":true,"href":"https:\/\/ahvirgilio.com\/it\/wp-json\/wp\/v2\/users\/1"}],"replies":[{"embeddable":true,"href":"https:\/\/ahvirgilio.com\/it\/wp-json\/wp\/v2\/comments?post=2927"}],"version-history":[{"count":450,"href":"https:\/\/ahvirgilio.com\/it\/wp-json\/wp\/v2\/pages\/2927\/revisions"}],"predecessor-version":[{"id":21383,"href":"https:\/\/ahvirgilio.com\/it\/wp-json\/wp\/v2\/pages\/2927\/revisions\/21383"}],"wp:attachment":[{"href":"https:\/\/ahvirgilio.com\/it\/wp-json\/wp\/v2\/media?parent=2927"}],"curies":[{"name":"wp","href":"https:\/\/api.w.org\/{rel}","templated":true}]}}