{"id":16272,"date":"2023-03-02T15:42:22","date_gmt":"2023-03-02T15:42:22","guid":{"rendered":"https:\/\/www.ahvillaglori.com\/?page_id=16272"},"modified":"2026-04-23T10:47:12","modified_gmt":"2026-04-23T10:47:12","slug":"condizioni","status":"publish","type":"page","link":"https:\/\/ahvirgilio.com\/it\/condizioni\/","title":{"rendered":"Condizioni"},"content":{"rendered":"\t\t<div data-elementor-type=\"wp-page\" data-elementor-id=\"16272\" class=\"elementor elementor-16272\" data-elementor-post-type=\"page\">\n\t\t\t\t\t\t\t\t\t<div class=\"elementor-section elementor-top-section elementor-element elementor-element-efe3b06 elementor-section-stretched elementor-section-height-min-height elementor-section-boxed elementor-section-height-default elementor-section-items-middle qodef-elementor-content-no\" data-id=\"efe3b06\" data-element_type=\"section\" data-settings=\"{&quot;stretch_section&quot;:&quot;section-stretched&quot;,&quot;background_background&quot;:&quot;classic&quot;}\">\n\t\t\t\t\t\t\t<div class=\"elementor-background-overlay\"><\/div>\n\t\t\t\t\t\t\t<div class=\"elementor-container elementor-column-gap-no\">\n\t\t\t\t\t<div class=\"elementor-column elementor-col-100 elementor-top-column elementor-element elementor-element-ac0ca6a\" data-id=\"ac0ca6a\" data-element_type=\"column\">\n\t\t\t<div class=\"elementor-widget-wrap elementor-element-populated\">\n\t\t\t\t\t\t\t\t\t<\/div>\n\t\t<\/div>\n\t\t\t\t\t\t\t<\/div>\n\t\t<\/div>\n\t\t\t\t<div class=\"elementor-section elementor-top-section elementor-element elementor-element-fd31d12 elementor-section-stretched elementor-section-boxed elementor-section-height-default elementor-section-height-default qodef-elementor-content-no\" data-id=\"fd31d12\" data-element_type=\"section\" data-settings=\"{&quot;stretch_section&quot;:&quot;section-stretched&quot;,&quot;background_background&quot;:&quot;classic&quot;}\">\n\t\t\t\t\t\t<div class=\"elementor-container elementor-column-gap-no\">\n\t\t\t\t\t<div class=\"elementor-column elementor-col-100 elementor-top-column elementor-element elementor-element-e48de2a\" data-id=\"e48de2a\" data-element_type=\"column\">\n\t\t\t<div class=\"elementor-widget-wrap elementor-element-populated\">\n\t\t\t\t\t\t\t\t<div class=\"elementor-element elementor-element-663160e elementor-widget elementor-widget-image\" data-id=\"663160e\" data-element_type=\"widget\" data-widget_type=\"image.default\">\n\t\t\t\t<div class=\"elementor-widget-container\">\n\t\t\t<style>\/*! elementor - v3.15.0 - 20-08-2023 *\/\n.elementor-widget-image{text-align:center}.elementor-widget-image a{display:inline-block}.elementor-widget-image a img[src$=\".svg\"]{width:48px}.elementor-widget-image img{vertical-align:middle;display:inline-block}<\/style>\t\t\t\t\t\t\t\t\t\t\t\t<img loading=\"lazy\" decoding=\"async\" width=\"59\" height=\"26\" src=\"https:\/\/ahvirgilio.com\/wp-content\/uploads\/2022\/12\/logo-ah-villa-glori-brescia-sm.png\" class=\"attachment-large size-large wp-image-13248\" alt=\"\" \/>\t\t\t\t\t\t\t\t\t\t\t\t\t\t\t<\/div>\n\t\t\t\t<\/div>\n\t\t\t\t<div class=\"elementor-element elementor-element-eec270f elementor-widget elementor-widget-heading\" data-id=\"eec270f\" data-element_type=\"widget\" data-widget_type=\"heading.default\">\n\t\t\t\t<div class=\"elementor-widget-container\">\n\t\t\t<style>\/*! elementor - v3.15.0 - 20-08-2023 *\/\n.elementor-heading-title{padding:0;margin:0;line-height:1}.elementor-widget-heading .elementor-heading-title[class*=elementor-size-]>a{color:inherit;font-size:inherit;line-height:inherit}.elementor-widget-heading .elementor-heading-title.elementor-size-small{font-size:15px}.elementor-widget-heading .elementor-heading-title.elementor-size-medium{font-size:19px}.elementor-widget-heading .elementor-heading-title.elementor-size-large{font-size:29px}.elementor-widget-heading .elementor-heading-title.elementor-size-xl{font-size:39px}.elementor-widget-heading .elementor-heading-title.elementor-size-xxl{font-size:59px}<\/style><h2 class=\"elementor-heading-title elementor-size-default\">Condizioni<br> Ah Virgilio Apartments Resort<\/h2>\t\t<\/div>\n\t\t\t\t<\/div>\n\t\t\t\t<div class=\"elementor-element elementor-element-fac0177 elementor-widget elementor-widget-text-editor\" data-id=\"fac0177\" data-element_type=\"widget\" data-widget_type=\"text-editor.default\">\n\t\t\t\t<div class=\"elementor-widget-container\">\n\t\t\t<style>\/*! elementor - v3.15.0 - 20-08-2023 *\/\n.elementor-widget-text-editor.elementor-drop-cap-view-stacked .elementor-drop-cap{background-color:#69727d;color:#fff}.elementor-widget-text-editor.elementor-drop-cap-view-framed .elementor-drop-cap{color:#69727d;border:3px solid;background-color:transparent}.elementor-widget-text-editor:not(.elementor-drop-cap-view-default) .elementor-drop-cap{margin-top:8px}.elementor-widget-text-editor:not(.elementor-drop-cap-view-default) .elementor-drop-cap-letter{width:1em;height:1em}.elementor-widget-text-editor .elementor-drop-cap{float:left;text-align:center;line-height:1;font-size:50px}.elementor-widget-text-editor .elementor-drop-cap-letter{display:inline-block}<\/style>\t\t\t\t<p><u><strong>RECEPTION<\/strong>&gt; 08:30 -19:00<\/u><\/p><p><strong><u>CHECK IN<\/u><\/strong> &gt; 14:30<\/p><p><strong><u>CHECK OUT<\/u><\/strong>&gt; 08:30 -10:00<\/p><p><strong><span style=\"text-decoration: underline;\">TASSA DI SOGGIORNO<\/span><\/strong><br \/>Attiva tutto l\u2019anno, 2,50\u20ac per persona a notte da pagare in loco, fino ad un massimo di 5 pernottamenti, dal sesto pernottamento in poi esenti.<\/p><p style=\"font-weight: 400;\"><strong>PAGAMENTI:<\/strong><\/p><p style=\"font-weight: 400;\"><strong><u>PER SOGGIORNI TARIFFA STANDARD<\/u>:<\/strong> il giorno del check-in verr\u00e0 addebitato\u00a0l&#8217;intero importo della prenotazione\u00a0sulla carta di credito\u00a0fornita a garanzia della prenotazione, salvo diversa richiesta dell&#8217;ospite.<\/p><p style=\"font-weight: 400;\"><strong><u>PER SOGGIORNI TARIFFA SETTIMANALE<\/u>:<\/strong>\u00a05\u00a0giorni prima dell&#8217;arrivo verr\u00e0 addebitato\u00a0l&#8217;intero importo della prenotazione\u00a0sulla carta di credito fornita a garanzia della prenotazione,\u00a0salvo diversa richieste dell&#8217;ospite.<\/p><p style=\"font-weight: 400;\"><strong><u>PER SOGGIORNI TARIFFA MENSILE\u00a0| TRIMESTRE | SEMESTRE| ANNUALE<\/u>:<\/strong> 15 giorni prima dell&#8217;arrivo verr\u00e0 addebitato\u00a0l&#8217;intero importo della prenotazione\u00a0sulla carta di credito fornita a garanzia della prenotazione,\u00a0salvo diversa richieste dell&#8217;ospite.<\/p><p style=\"font-weight: 400;\"><strong><u>TESSERINO STUDENTI: <\/u><\/strong>\u00e8 obbligatorio mostrare il tesserino studente per ricevere le agevolazioni sulle tariffe trimestrali, semestrali e annuali.<\/p><p style=\"font-weight: 400;\"><strong>FATTURAZIONE:<\/strong><\/p><p style=\"font-weight: 400;\">La richiesta di fatturazione per pagamenti deve essere comunicata al momento della prenotazione con l&#8217;invio di tutti i dati necessari alla fatturazione elettronica.<\/p><p style=\"font-weight: 400;\"><strong>CAUZIONE:<\/strong><\/p><p style=\"font-weight: 400;\">\u00e8 previsto il pagamento di un deposito cauzionale esclusivamente da versare in\u00a0<strong>CONTANT<\/strong><strong>I <\/strong>alla reception con rilascio di ricevuta, restituita previo controllo del buono stato dell&#8217;appartamento ed una valutazione di eventuali danni entro 28gg dal check-out.<\/p><p><span style=\"font-weight: 400;\">Soggiorni oltre 28 notti: CAUZIONE 500,00\u20ac<br \/>Soggiorni oltre 84 notti CAUZIONE 1000,00\u20ac<\/span><\/p><p style=\"font-weight: 400;\"><strong>CONDIZIONI DELL\u2019APPARTAMENTO\/CAMERA:<\/strong><\/p><p style=\"font-weight: 400;\">Per soggiorni superiori agli 84 giorni \u00e8 previsto un costo di pulizia finale di 150,00\u20ac.<\/p><p><span style=\"font-weight: 400;\">In caso di rottura di forniture, oggetti e arredi dell&#8217;appartamento verr\u00e0 dedotto il costo dalla cauzione versata.<br \/>Qualora le condizioni dell&#8217;appartamento o il comportamento degli affittuari non siano adeguati e rispettosi verso la struttura e gli altri ospiti, la propriet\u00e0 si riserva il diritto di rescindere il contratto con effetto immediato.<\/span><\/p><p style=\"font-weight: 400;\"><strong>PULIZIE<\/strong>:<\/p><p style=\"font-weight: 400;\">Per i soggiorni oltre le 28 notti \u00e8 previsto un cambio completo e pulizia dell\u2019intero appartamento una volta a settimana.\u00a0<\/p><p style=\"font-weight: 400;\">Per i soggiorni standard non sono previste pulizie.<\/p><p style=\"font-weight: 400;\">Sono disponibili su richiesta cambi e pulizie extra, a pagamento, da concordare con la reception.<\/p><p style=\"font-weight: 400;\"><strong>LETTI AGGIUNTIVI<\/strong><\/p><p style=\"font-weight: 400;\">Sono disponibili letti supplementari negli appartamenti bilocali e trilocali, previa prenotazione:<\/p><p style=\"font-weight: 400;\">&#8211; soggiorni mensili: supplemento di 15,00\u20ac per persona al giorno.<br \/>&#8211; soggiorni tariffa standard: supplemento di 30,00\u20ac per persona al giorno.<\/p><p style=\"font-weight: 400;\"><strong>BAMBINI:<\/strong><\/p><p style=\"font-weight: 400;\">I bambini sono i benvenuti da Ah Virgilio, i bambini fino a due anni soggiornano gratuitamente nella nostra struttura e non \u00e8 previsto un posto letto per loro, \u00e8 possibile prenotare un lettino a 10\u20ac a notte.<br \/>I bambini dai tre anni di et\u00e0 sono inclusi nel nostro listino come \u201cadulti\u201d per loro \u00e8 previsto posto letto e asciugamani.<\/p><p style=\"font-weight: 400;\"><strong>ANIMALI:<\/strong><\/p><p style=\"font-weight: 400;\">Sono sempre i benvenuti animali di piccola e media taglia non superiore ai 25kg previa comunicazione al momento della prenotazione.<\/p><p><span style=\"font-weight: 400;\">L\u2019ospite accetta e sottoscrive il regolamento animali che gli verr\u00e0 fornito al momento della prenotazione. <\/span><\/p><p><span style=\"font-weight: 400;\">Soggiorni oltre le 28 notti: supplemento di 2,50\u20ac per animale al giorno.<br \/>Soggiorni tariffa standard e settimanali: supplemento di 15,00\u20ac per animale al giorno.<\/span><\/p><p style=\"font-weight: 400;\"><strong>PARCHEGGIO:<\/strong><strong>\u00a0<\/strong><\/p><p style=\"font-weight: 400;\">Il parcheggio in struttura \u00e8 disponibile gratuitamente e non \u00e8 richiesta la prenotazione.<\/p><p style=\"font-weight: 400;\">La Direzione declina ogni responsabilit\u00e0 per il furto di oggetti lasciati incustoditi nelle auto.<\/p><p style=\"font-weight: 400;\"><strong>VIETATO FUMARE:<\/strong><\/p><p style=\"font-weight: 400;\">Tutti gli appartamenti sono per non fumatori: il non rispetto della normativa prevede sanzioni per il trasgressore.<\/p><p style=\"font-weight: 400;\"><strong>CARTE DI CREDITO ACCETTATE:<\/strong><\/p><p style=\"font-weight: 400;\">MASTERCARD \u2013 VISA \u2013 AMEXCO \/ Debito : MAESTRO<\/p><p style=\"font-weight: 400;\"><strong>CONTANTI:<\/strong> Max 4999,00\u20ac<\/p><p style=\"font-weight: 400;\"><strong>CARTA DI CREDITO A GARANZIA<\/strong><\/p><p style=\"font-weight: 400;\">Chiediamo a garanzia della prenotazione un numero di carta di credito con data di scadenza in corso di validit\u00e0.<\/p><h4 style=\"font-weight: 400;\"><strong>POLITICHE DI CANCELLAZIONE<\/strong><\/h4><p style=\"font-weight: 400;\"><strong><span style=\"text-decoration: underline;\">POLITICA DI CANCELLAZIONE FLESSIBILE:<\/span><\/strong><\/p><p style=\"font-weight: 400;\">Cancellazione gratuita fino al settimo giorno prima dell\u2019arrivo, dal sesto giorno in poi verr\u00e0 addebitato il 100% del soggiorno.\u00a0Attiva per soggiorni fino a 27 notti.<\/p><p style=\"font-weight: 400;\"><strong><u>POLITICA DI CANCELLAZIONE MENSILE<\/u><\/strong><\/p><p style=\"font-weight: 400;\">Cancellazione gratuita fino al quindicesimo giorno prima dell\u2019arrivo, dal sesto giorno in poi verr\u00e0 addebitato il 100% del soggiorno.\u00a0Attiva per soggiorni oltre le 28 notti.<\/p><p style=\"font-weight: 400;\"><strong><u>POLITICA DI CANCELLAZIONE NON RIMBORSABILE<\/u><\/strong><\/p><p style=\"font-weight: 400;\">In caso di cancellazione verr\u00e0 detratto l\u2019intero importo del soggiorno, pari al 100%.\u00a0Attiva per soggiorni fino a 27 notti.<\/p><p style=\"font-weight: 400;\"><strong><u>N.B: per spese di cancellazione l\u2019importo sar\u00e0\u00a0addebitato sulla carta di credito a garanzia fornita al momento della prenotazione.<\/u><\/strong><\/p><h4 style=\"font-weight: 400;\"><strong>FAQ<\/strong><\/h4><p style=\"font-weight: 400;\"><strong><u>In\u00a0questa sezione cerchiamo di rispondere alle vostre domande pi\u00f9 frequenti.<\/u><\/strong><\/p><p style=\"font-weight: 400;\">La nostra reception \u00e8 disponibile per aiutarti e assisterti per qualsiasi richiesta, durante il tuo soggiorno \u00e8 disponibile anche la nostra web app in cui troverai tutte le informazioni che desideri e da cui potrai inoltrarci richieste ed acquisti direttamente dal tuo smartphone.<\/p><p style=\"font-weight: 400;\"><strong>Come raggiungere Ah Virgilio<\/strong><strong>?<\/strong><\/p><p style=\"font-weight: 400;\">La struttura dista 4,5 km dalla stazione dei treni, \u00e8 possibile raggiungerci da l\u00ec in taxi oppure tramite i mezzi pubblici (APAM LINEA 12: fermata partenza Stradella-Gazzo &#8211; fermata arrivo Piemonte 1). La Citt\u00e0 di Mantova \u00e8 fornita anche di un sistema di bus navette gratuite dai principali parcheggi dalla citt\u00e0 con direzione centro storico, info in reception.<\/p><p style=\"font-weight: 400;\"><strong>Quanto dista la struttura dal centro storico di Mantova? <\/strong><\/p><p style=\"font-weight: 400;\">La struttura dista 2,6km da Piazza Sordello.<\/p><p style=\"font-weight: 400;\"><strong>Come posso visitare il centro storico di Mantova senza auto?<\/strong> La Citt\u00e0 di Mantova \u00e8 fornita di un sistema di bus navette gratuite dal parcheggio di Campo Canoa direzione Piazza Sordello e viceversa, e dal parcheggio Montelungo direzione Via Matteotti e viceversa, ulteriori info in reception.<\/p><p style=\"font-weight: 400;\"><strong>Wi-Fi<\/strong>?<\/p><p style=\"font-weight: 400;\">E\u2019 disponibile gratuitamente in tutta la struttura, troverai la password nel tuo appartamento oppure potrai collegarti inquadrando il qr code che troverai in reception.<\/p><p style=\"font-weight: 400;\"><strong>\u00a0<\/strong><strong>Come avviene il self check-in negli orari di chiusura della reception<\/strong>?<\/p><p style=\"font-weight: 400;\">Dopo l\u2019invio dei documenti dei componenti della prenotazione al nostro numero Whatsapp, vi forniremo un codice numerico per accedere alla struttura e vi comunicheremo il numero del vostro appartamento. Troverete la tessera magnetica per far funzionare elettricit\u00e0, raffrescamento\/riscaldamento e per entrare\/uscire gi\u00e0 nel vostro appartamento. Vi ricordiamo di non dimenticare la tessera all\u2019interno dell\u2019abitazione perch\u00e9 necessaria all\u2019apertura di tutte le porte d\u2019entrata, e per precauzione di non lasciarla accanto a telefoni o apparecchiature elettroniche.<\/p><p style=\"font-weight: 400;\"><strong>Posso aggiungere giorni alla mia prenotazione<\/strong><strong>?<\/strong><\/p><p style=\"font-weight: 400;\">Chiedi alla reception, in base alla disponibilit\u00e0 cercheremo di aiutarti a prolungare il tuo soggiorno!<\/p><p style=\"font-weight: 400;\"><strong>Posso invitare persone a salutarmi nel mio appartamento<\/strong>?<\/p><p style=\"font-weight: 400;\">Certamente, ma devono obbligatoriamente registrarsi alla Reception, anche tramite Whatsapp. La tua sicurezza \u00e8 sempre la nostra massima priorit\u00e0!\u00a0In caso di pernottamento potrebbe essere applicato un supplemento letto, info in Reception.<\/p><p style=\"font-weight: 400;\"><strong>Avete un lettino per bambini e un seggiolone a disposizione<\/strong>?<\/p><p style=\"font-weight: 400;\">Certamente, comunicate la vostra richiesta al momento della prenotazione o al vostro arrivo, saranno preparati nell\u2019appartamento &#8211; per lettino previsto supplemento.<\/p><p style=\"font-weight: 400;\"><strong>Avete una lavanderia per gli ospiti<\/strong>?<\/p><p style=\"font-weight: 400;\">La lavanderia a pagamento con lavatrici e asciugatrici \u00e8 disponibile al piano terra.\u00a0Per ricariche card lavaggi rivolgersi in reception.<\/p><p style=\"font-weight: 400;\"><strong>Non voglio lavare i miei vestiti, posso farveli portare in lavanderia<\/strong><strong>?<\/strong><\/p><p style=\"font-weight: 400;\">Troverai nell\u2019armadio un contenitore usa e getta per la biancheria e un modulo da compilare, consegnalo in reception o comunicaci di ritirarlo, entro 48h ti riconsegneremo la biancheria pulita direttamente in appartamento.<\/p><p style=\"font-weight: 400;\"><strong>\u00a0<\/strong><strong>Posso darti suggerimenti sugli appartamenti<\/strong><strong>?<\/strong><\/p><p style=\"font-weight: 400;\">Suggerimenti e richieste sono ben accetti per migliorare il vostro soggiorno, siamo qui per migliorare noi stessi e la vostra esperienza qui!<\/p><p style=\"font-weight: 400;\"><strong>Come posso lasciarti i miei suggerimenti<\/strong><strong>?<\/strong><\/p><p style=\"font-weight: 400;\">Siamo sempre a tua disposizione in reception, felici di ricevere i tuoi feedback. Se non hai tempo di passare da noi al tuo check-out riceverai via mail un modulo online da compilare con la recensione del tuo soggiorno.<\/p>\t\t\t\t\t\t<\/div>\n\t\t\t\t<\/div>\n\t\t\t\t<div class=\"elementor-element elementor-element-bb71d51 elementor-widget elementor-widget-qi_addons_for_elementor_separator\" data-id=\"bb71d51\" data-element_type=\"widget\" data-widget_type=\"qi_addons_for_elementor_separator.default\">\n\t\t\t\t<div class=\"elementor-widget-container\">\n\t\t\t<div class=\"qodef-shortcode qodef-m  qodef-qi-separator qodef-qi-clear qodef-separator--standard qodef-position--center\">\n\t<div class=\"qodef-m-line\"><\/div>\n<\/div>\n\t\t<\/div>\n\t\t\t\t<\/div>\n\t\t\t\t\t<\/div>\n\t\t<\/div>\n\t\t\t\t\t\t\t<\/div>\n\t\t<\/div>\n\t\t\t\t\t\t\t<\/div>\n\t\t","protected":false},"excerpt":{"rendered":"<p>Condizioni Ah Virgilio Apartments Resort RECEPTION&gt; 08:30 -19:00 CHECK IN &gt; 14:30 CHECK OUT&gt; 08:30 -10:00 TASSA DI SOGGIORNOAttiva tutto l\u2019anno, 2,50\u20ac per persona a notte da pagare in loco, fino ad un massimo di 5 pernottamenti, dal sesto pernottamento in poi esenti. PAGAMENTI: PER SOGGIORNI TARIFFA STANDARD: il giorno del check-in verr\u00e0 addebitato\u00a0l&#8217;intero importo [&hellip;]<\/p>\n","protected":false},"author":3,"featured_media":0,"parent":0,"menu_order":0,"comment_status":"closed","ping_status":"closed","template":"","meta":{"inline_featured_image":false,"footnotes":""},"class_list":["post-16272","page","type-page","status-publish","hentry"],"_links":{"self":[{"href":"https:\/\/ahvirgilio.com\/it\/wp-json\/wp\/v2\/pages\/16272"}],"collection":[{"href":"https:\/\/ahvirgilio.com\/it\/wp-json\/wp\/v2\/pages"}],"about":[{"href":"https:\/\/ahvirgilio.com\/it\/wp-json\/wp\/v2\/types\/page"}],"author":[{"embeddable":true,"href":"https:\/\/ahvirgilio.com\/it\/wp-json\/wp\/v2\/users\/3"}],"replies":[{"embeddable":true,"href":"https:\/\/ahvirgilio.com\/it\/wp-json\/wp\/v2\/comments?post=16272"}],"version-history":[{"count":133,"href":"https:\/\/ahvirgilio.com\/it\/wp-json\/wp\/v2\/pages\/16272\/revisions"}],"predecessor-version":[{"id":21218,"href":"https:\/\/ahvirgilio.com\/it\/wp-json\/wp\/v2\/pages\/16272\/revisions\/21218"}],"wp:attachment":[{"href":"https:\/\/ahvirgilio.com\/it\/wp-json\/wp\/v2\/media?parent=16272"}],"curies":[{"name":"wp","href":"https:\/\/api.w.org\/{rel}","templated":true}]}}